{"id":328,"date":"2024-09-23T16:16:25","date_gmt":"2024-09-23T14:16:25","guid":{"rendered":"https:\/\/www.motdepasse.xyz\/blog\/?page_id=328"},"modified":"2024-09-23T16:16:25","modified_gmt":"2024-09-23T14:16:25","slug":"faq-generateur-motdepasse-xyz","status":"publish","type":"page","link":"https:\/\/www.motdepasse.xyz\/blog\/faq-generateur-motdepasse-xyz\/","title":{"rendered":"FAQ sur le g\u00e9n\u00e9rateur de www.motdepasse.xyz"},"content":{"rendered":"<div id=\"ed6f6fd0-b23b-11eb-a5ae-13d82221ca35\">\n<p class=\"c19ofv4i pub__h1 s1gshh7t\">Vous trouverez ci-dessous les r\u00e9ponses aux questions les plus fr\u00e9quemment pos\u00e9es concernant le g\u00e9n\u00e9rateur de notre site www.motdepasse.xyz<\/p>\n<p>&nbsp;<\/p>\n<\/div>\n<div id=\"ed6f6fd3-b23b-11eb-a5ae-13d82221ca35\">\n<div class=\"c1lpg3h5 i1ycpxq9 pub__designSystemText t91kxqv w1fdzi2f\" data-pub-id=\"ed6f6fd3-b23b-11eb-a5ae-13d82221ca35\" data-pub-type=\"text\">\n<h2>Q : Comment ce g\u00e9n\u00e9rateur de mot de passe fonctionne ?<\/h2>\n<p>R\u00a0: Le g\u00e9n\u00e9rateur <a href=\"https:\/\/www.motdepasse.xyz\/\">motdepasse.xyz<\/a> est comme un magicien de la s\u00e9curit\u00e9. Il utilise des algorithmes pour concocter des mots de passe al\u00e9atoires \u00e0 partir d\u2019un m\u00e9lange de caract\u00e8res, de chiffres et de symboles. Le r\u00e9sultat ? Des mots de passe costauds et s\u00e9curis\u00e9s, impossibles \u00e0 deviner m\u00eame pour les hackers les plus rus\u00e9s. En gros, ils boostent votre s\u00e9curit\u00e9 en ligne et vous permettent de dormir sur vos deux oreilles. \ud83d\udee1\ufe0f\ud83d\udd12<\/p>\n<p>&nbsp;<\/p>\n<h2>Q : Comment g\u00e9n\u00e9rer un mot de passe fort ?<\/h2>\n<p>R\u00a0: Cr\u00e9er un mot de passe b\u00e9ton sur <a href=\"https:\/\/www.motdepasse.xyz\/\">motdepasse.xyz<\/a>, c\u2019est un jeu d\u2019enfant. Vous personnalisez les param\u00e8tres selon vos pr\u00e9f\u00e9rences : longueur du mot de passe, types de caract\u00e8res, vous choisissez vos symboles sp\u00e9ciaux et\u00a0; D\u00e8s que vous avez fait votre choix, motdepasse.xyz vous sort un mot de passe costaud sur mesure. G\u00e9rer des mots de passe al\u00e9atoires n\u2019a jamais \u00e9t\u00e9 aussi simple avec motdepasse.xyz alors plus d\u2019excuses\u00a0!<\/p>\n<p>&nbsp;<\/p>\n<h2>Q : G\u00e9n\u00e9rer des mots de passe sur ce site est s\u00e9curis\u00e9 ?<\/h2>\n<p>R\u00a0: Oui, la cr\u00e9ation de vos mots de passe est super s\u00e9curis\u00e9e, car les mots de passe g\u00e9n\u00e9r\u00e9s sont vraiment al\u00e9atoires. Les \u00e9l\u00e9ments cl\u00e9s d\u2019un bon g\u00e9n\u00e9rateur de mots de passe sont la flexibilit\u00e9 et la personnalisation, ce qui permet de cr\u00e9er des mots de passe vraiment uniques. Sur <a href=\"https:\/\/www.motdepasse.xyz\/\">motdepasse.xyz<\/a>, vous avez de nombreuses options : vous pouvez choisir de n\u2019utiliser que des lettres, des chiffres, des symboles, et m\u00eame \u00e9viter les caract\u00e8res similaires. On peut m\u00eame vous g\u00e9n\u00e9rer plusieurs mots de passe en m\u00eame temps ou des mots de passe allant jusqu\u2019\u00e0 1337 caract\u00e8res. Qui dit mieux !<br \/>\nLes mots de passe g\u00e9n\u00e9r\u00e9s respectent les standards de s\u00e9curit\u00e9 de l\u2019industrie et sont cr\u00e9\u00e9s localement sur votre navigateur, donc uniquement sur votre appareil. On vous garantit qu\u2019ils ne sont ni partag\u00e9s, ni stock\u00e9s sur un serveur ou dans une base de donn\u00e9es. En gros, vos mots de passe restent bien au chaud chez vous. \ud83d\udd12<\/p>\n<p>Si vous avez d&rsquo;autres questions concernant la s\u00e9curit\u00e9 et l&rsquo;utilisation de notre site merci de nous les poser directement depuis ce<a href=\"https:\/\/www.motdepasse.xyz\/blog\/contact\/\"> formulaire de contact<\/a> et nous nous ferons un plaisir de vous r\u00e9pondre en moins de 24H, promis !<\/p>\n<\/div>\n<\/div>\n","protected":false},"excerpt":{"rendered":"<p>Vous trouverez ci-dessous les r\u00e9ponses aux questions les plus fr\u00e9quemment pos\u00e9es concernant le g\u00e9n\u00e9rateur de notre site www.motdepasse.xyz &nbsp; Q : Comment ce g\u00e9n\u00e9rateur de mot de passe fonctionne ? R\u00a0: Le g\u00e9n\u00e9rateur motdepasse.xyz est comme un magicien de la s\u00e9curit\u00e9. Il utilise des algorithmes pour concocter des mots de passe al\u00e9atoires \u00e0 partir d\u2019un [&hellip;]<\/p>\n","protected":false},"author":2,"featured_media":0,"parent":0,"menu_order":0,"comment_status":"closed","ping_status":"closed","template":"","meta":{"_et_pb_use_builder":"","_et_pb_old_content":"","_et_gb_content_width":"","footnotes":""},"class_list":["post-328","page","type-page","status-publish","hentry"],"_links":{"self":[{"href":"https:\/\/www.motdepasse.xyz\/blog\/wp-json\/wp\/v2\/pages\/328","targetHints":{"allow":["GET"]}}],"collection":[{"href":"https:\/\/www.motdepasse.xyz\/blog\/wp-json\/wp\/v2\/pages"}],"about":[{"href":"https:\/\/www.motdepasse.xyz\/blog\/wp-json\/wp\/v2\/types\/page"}],"author":[{"embeddable":true,"href":"https:\/\/www.motdepasse.xyz\/blog\/wp-json\/wp\/v2\/users\/2"}],"replies":[{"embeddable":true,"href":"https:\/\/www.motdepasse.xyz\/blog\/wp-json\/wp\/v2\/comments?post=328"}],"version-history":[{"count":6,"href":"https:\/\/www.motdepasse.xyz\/blog\/wp-json\/wp\/v2\/pages\/328\/revisions"}],"predecessor-version":[{"id":334,"href":"https:\/\/www.motdepasse.xyz\/blog\/wp-json\/wp\/v2\/pages\/328\/revisions\/334"}],"wp:attachment":[{"href":"https:\/\/www.motdepasse.xyz\/blog\/wp-json\/wp\/v2\/media?parent=328"}],"curies":[{"name":"wp","href":"https:\/\/api.w.org\/{rel}","templated":true}]}}